{"id":574,"date":"2019-06-18T09:13:19","date_gmt":"2019-06-18T07:13:19","guid":{"rendered":"https:\/\/labelconciergerie.com\/conciergerie\/"},"modified":"2020-12-16T10:13:35","modified_gmt":"2020-12-16T09:13:35","slug":"conciergerie","status":"publish","type":"page","link":"https:\/\/labelconciergerie.com\/en\/conciergerie\/","title":{"rendered":"Conciergerie"},"content":{"rendered":"<p>[et_pb_section fb_built=&#8221;1&#8243; admin_label=&#8221;section&#8221; _builder_version=&#8221;3.22.3&#8243; custom_padding=&#8221;0|0px|0|0px|false|false&#8221;][et_pb_row column_structure=&#8221;3_5,2_5&#8243; _builder_version=&#8221;3.25&#8243; custom_padding=&#8221;||&#8221;][et_pb_column type=&#8221;3_5&#8243; _builder_version=&#8221;3.25&#8243; custom_padding=&#8221;7%|||&#8221; custom_padding_tablet=&#8221;&#8221; custom_padding_phone=&#8221;0%||&#8221; custom_padding_last_edited=&#8221;on|desktop&#8221; custom_padding__hover=&#8221;|||&#8221;][et_pb_text admin_label=&#8221;Text&#8221; _builder_version=&#8221;4.7.6&#8243; text_font=&#8221;|300|||||||&#8221; header_font=&#8221;||||||||&#8221; header_2_font=&#8221;|300|||||||&#8221; header_2_line_height=&#8221;1.2em&#8221; background_size=&#8221;initial&#8221; background_position=&#8221;top_left&#8221; background_repeat=&#8221;repeat&#8221;]<\/p>\n<h2>Rest assured that from a distance your beloved property in the Drome is being cared for!<br \/>\nWe offer a personalised concierge service, tailored to your needs. Guaranteeing the surveillance and<br \/>\nmaintenance of your beloved property.<br \/>\n<\/h2>\n<p>[\/et_pb_text][\/et_pb_column][et_pb_column type=&#8221;2_5&#8243; _builder_version=&#8221;3.25&#8243; custom_padding=&#8221;|||&#8221; custom_padding__hover=&#8221;|||&#8221;][et_pb_image src=&#8221;https:\/\/labelconciergerie.com\/wp-content\/uploads\/2020\/12\/label_conciergerie_drome-intendance-e1607937412734.jpg&#8221; title_text=&#8221;label_conciergerie_drome-intendance&#8221; align_tablet=&#8221;center&#8221; align_phone=&#8221;&#8221; align_last_edited=&#8221;on|desktop&#8221; _builder_version=&#8221;4.7.6&#8243; module_alignment=&#8221;right&#8221;][\/et_pb_image][\/et_pb_column][\/et_pb_row][\/et_pb_section][et_pb_section fb_built=&#8221;1&#8243; module_id=&#8221;confiance&#8221; _builder_version=&#8221;4.7.5&#8243; overflow-x=&#8221;hidden&#8221; custom_margin=&#8221;|||&#8221; custom_padding=&#8221;50px|0px|50px|0px|true|false&#8221;][et_pb_row _builder_version=&#8221;3.25&#8243; background_color=&#8221;#f5f5f5&#8243; custom_margin=&#8221;|||&#8221; custom_padding=&#8221;30px|0px|30px|0px|true|false&#8221; border_color_all=&#8221;#edf000&#8243;][et_pb_column type=&#8221;4_4&#8243; _builder_version=&#8221;3.25&#8243; custom_padding=&#8221;|||&#8221; custom_padding__hover=&#8221;|||&#8221;][et_pb_text _builder_version=&#8221;4.7.6&#8243; text_font=&#8221;|||on|||||&#8221; text_text_color=&#8221;#6E6E6E&#8221; header_font=&#8221;|||on|||||&#8221; text_orientation=&#8221;center&#8221;]<\/p>\n<h1>Pack S\u00e9r\u00e9nit\u00e9<\/h1>\n<p>150\u20ac HT \/ month<\/p>\n<p>[\/et_pb_text][\/et_pb_column][\/et_pb_row][et_pb_row column_structure=&#8221;1_2,1_2&#8243; _builder_version=&#8221;3.25&#8243; background_color=&#8221;#f5f5f5&#8243; custom_padding=&#8221;0px|0px|30px|40px|false|false&#8221;][et_pb_column type=&#8221;1_2&#8243; _builder_version=&#8221;3.25&#8243; custom_padding=&#8221;|||&#8221; custom_padding__hover=&#8221;|||&#8221;][et_pb_image src=&#8221;https:\/\/labelconciergerie.com\/wp-content\/uploads\/2020\/12\/label_conciergerie_drome_assistance_Accueil.jpg&#8221; title_text=&#8221;label_conciergerie_drome_assistance_Accueil&#8221; align_tablet=&#8221;center&#8221; align_phone=&#8221;&#8221; align_last_edited=&#8221;on|desktop&#8221; _builder_version=&#8221;4.7.4&#8243; custom_css_main_element=&#8221;margin-left: -80px !important;||margin-right: 30px !important;||&#8221;][\/et_pb_image][\/et_pb_column][et_pb_column type=&#8221;1_2&#8243; _builder_version=&#8221;3.25&#8243; custom_padding=&#8221;30px|40px||&#8221; custom_padding__hover=&#8221;|||&#8221;][et_pb_text ul_position=&#8221;inside&#8221; _builder_version=&#8221;3.27.4&#8243; text_font=&#8221;||||||||&#8221; ul_font=&#8221;||||||||&#8221; ul_font_size=&#8221;13px&#8221; ul_line_height=&#8221;1.5em&#8221;]<\/p>\n<ul class=\"puceG\">\n<li>Collecting and forwarding your mail<\/li>\n<li>Monthly surveillance visit<\/li>\n<li>Inspecting the exteriors (no sign of break in or visitors\u2026)<\/li>\n<li>Inspecting the interior (check on the alarm system, check on potential leaks or other damage\u2026)<\/li>\n<li>Reactive visits (weather related, alarm off)<\/li>\n<li>Reminder of required annual maintenance and management of the work (cheminee, equipments\u2026., swimming pool, fioul, wood)<\/li>\n<li>Monthly report<\/li>\n<\/ul>\n<p>[\/et_pb_text][\/et_pb_column][\/et_pb_row][\/et_pb_section][et_pb_section fb_built=&#8221;1&#8243; module_id=&#8221;accueil&#8221; _builder_version=&#8221;4.7.5&#8243; overflow-x=&#8221;hidden&#8221; custom_margin=&#8221;|||&#8221; custom_padding=&#8221;50px|0px|50px|0px|true|false&#8221;][et_pb_row _builder_version=&#8221;3.25&#8243; background_color=&#8221;#f5f5f5&#8243; module_alignment=&#8221;center&#8221; custom_padding=&#8221;30px|0px|30px|0px|true|false&#8221; border_color_all=&#8221;#edf000&#8243; custom_width_px=&#8221;797px&#8221;][et_pb_column type=&#8221;4_4&#8243; _builder_version=&#8221;3.25&#8243; custom_padding=&#8221;|||&#8221; custom_padding__hover=&#8221;|||&#8221;][et_pb_text _builder_version=&#8221;4.7.6&#8243; text_font=&#8221;|||on|||||&#8221; text_text_color=&#8221;#6E6E6E&#8221; header_font=&#8221;|||on|||||&#8221; text_orientation=&#8221;center&#8221;]<\/p>\n<h1>Pack Home Sweet Home<\/h1>\n<p>Quote[\/et_pb_text][\/et_pb_column][\/et_pb_row][et_pb_row column_structure=&#8221;1_2,1_2&#8243; padding_left_right_link_1=&#8221;true&#8221; _builder_version=&#8221;3.25&#8243; background_color=&#8221;#f5f5f5&#8243; custom_padding=&#8221;0px|0px|30px||false|false&#8221;][et_pb_column type=&#8221;1_2&#8243; _builder_version=&#8221;3.25&#8243; custom_padding=&#8221;30px|30px||30px&#8221; custom_padding__hover=&#8221;|||&#8221;][et_pb_text _builder_version=&#8221;4.7.6&#8243; text_font=&#8221;|600|||||||&#8221; text_text_color=&#8221;#003971&#8243; ul_font=&#8221;|300|||||||&#8221; ul_text_color=&#8221;#000000&#8243; ul_font_size=&#8221;13px&#8221; ul_line_height=&#8221;1.5em&#8221;]<\/p>\n<p>Step through your front door and instantly enjoy the comfort of your holiday home, prepared for your arrival and secured once you leave.<\/p>\n<p>[\/et_pb_text][et_pb_text ul_position=&#8221;inside&#8221; _builder_version=&#8221;4.7.6&#8243; text_font=&#8221;||||||||&#8221; text_text_color=&#8221;#00676f&#8221; ul_font=&#8221;||||||||&#8221; ul_text_color=&#8221;#000000&#8243; ul_font_size=&#8221;13px&#8221; ul_line_height=&#8221;1.5em&#8221;]<\/p>\n<ul class=\"puceG\">\n<li>Step through your front door and instantly enjoy the comfort of your holiday home, prepared for your arrival and secured once you leave.<\/li>\n<li>Open then close shutters, air the house<\/li>\n<li>Turn on then turn off the equipment (kitchen, heating, air conditioner)<\/li>\n<li>Turn on then turn off the water<\/li>\n<li>Pick up and drop off to the dry cleaner (bed linen and \u2026.)<\/li>\n<li>Shopping to make sure the cupboards and fridges are stocked and ready for your arrival<\/li>\n<li>Set up and storage of the outdoor furniture (open swimming pool, organizing outdoor furniture\u2026.)<\/li>\n<\/ul>\n<p>[\/et_pb_text][\/et_pb_column][et_pb_column type=&#8221;1_2&#8243; _builder_version=&#8221;3.25&#8243; custom_padding=&#8221;|||&#8221; custom_padding__hover=&#8221;|||&#8221;][et_pb_image src=&#8221;https:\/\/labelconciergerie.com\/wp-content\/uploads\/2019\/06\/Conciercergie_maison_3-1.jpg&#8221; align_tablet=&#8221;center&#8221; align_phone=&#8221;&#8221; align_last_edited=&#8221;on|desktop&#8221; _builder_version=&#8221;3.23&#8243; custom_css_main_element=&#8221;margin-right: -50px !important;||margin-left: 0px !important;||&#8221;][\/et_pb_image][\/et_pb_column][\/et_pb_row][\/et_pb_section][et_pb_section fb_built=&#8221;1&#8243; _builder_version=&#8221;3.22.3&#8243; custom_padding=&#8221;0|0px|0|0px|false|false&#8221;][et_pb_row _builder_version=&#8221;3.25&#8243;][et_pb_column type=&#8221;4_4&#8243; _builder_version=&#8221;3.25&#8243; custom_padding=&#8221;|||&#8221; custom_padding__hover=&#8221;|||&#8221;][et_pb_text admin_label=&#8221;Text&#8221; _builder_version=&#8221;4.7.6&#8243; text_font=&#8221;|300|||||||&#8221; header_font=&#8221;||||||||&#8221; header_2_font=&#8221;|300|||||||&#8221; header_2_line_height=&#8221;1.2em&#8221; background_size=&#8221;initial&#8221; background_position=&#8221;top_left&#8221; background_repeat=&#8221;repeat&#8221; text_orientation=&#8221;center&#8221;]<\/p>\n<h2>Facilitate your organization with a wide range of complementary services.<\/h2>\n<p>[\/et_pb_text][\/et_pb_column][\/et_pb_row][\/et_pb_section][et_pb_section fb_built=&#8221;1&#8243; module_id=&#8221;entretien&#8221; _builder_version=&#8221;4.7.5&#8243; overflow-x=&#8221;hidden&#8221; custom_margin=&#8221;|||&#8221; custom_padding=&#8221;50px|0px|50px|0px|true|false&#8221;][et_pb_row _builder_version=&#8221;3.25&#8243; background_color=&#8221;#f5f5f5&#8243; module_alignment=&#8221;center&#8221; custom_padding=&#8221;30px|0px|30px|0px|true|false&#8221; border_color_all=&#8221;#edf000&#8243; custom_width_px=&#8221;797px&#8221;][et_pb_column type=&#8221;4_4&#8243; _builder_version=&#8221;3.25&#8243; custom_padding=&#8221;|||&#8221; custom_padding__hover=&#8221;|||&#8221;][et_pb_text _builder_version=&#8221;4.7.6&#8243; text_font=&#8221;|||on|||||&#8221; text_text_color=&#8221;#6E6E6E&#8221; header_font=&#8221;|||on|||||&#8221; text_orientation=&#8221;center&#8221;]<\/p>\n<h1>General cleaning<\/h1>\n<p>(All prices VAT excluded)[\/et_pb_text][\/et_pb_column][\/et_pb_row][et_pb_row column_structure=&#8221;1_2,1_2&#8243; padding_left_right_link_1=&#8221;true&#8221; _builder_version=&#8221;3.25&#8243; background_color=&#8221;#f5f5f5&#8243; custom_padding=&#8221;0px|0px|30px||false|false&#8221;][et_pb_column type=&#8221;1_2&#8243; _builder_version=&#8221;3.25&#8243; custom_padding=&#8221;30px|30px||30px&#8221; custom_padding__hover=&#8221;|||&#8221;][et_pb_text _builder_version=&#8221;4.7.5&#8243; text_font=&#8221;||||||||&#8221; text_text_color=&#8221;#00676f&#8221; ul_font=&#8221;||||||||&#8221; ul_text_color=&#8221;#000000&#8243; ul_font_size=&#8221;13px&#8221; ul_line_height=&#8221;1.5em&#8221;]<\/p>\n<ul class=\"puceG\">\n<li>Swimming pool (cleaning, PH check) &#8211; 25 \u20ac\/h<\/li>\n<li>Gardening (mowing, remove leaves, tree maintenance, cleaning) &#8211; 30 \u20ac\/h<\/li>\n<li>House cleaning &#8211; 20 \u20ac\/h<\/li>\n<li>Cleaning of verandas, large window surface, sun house\u2026) &#8211; quote<\/li>\n<li>Dry cleaner \u2013 quote depending on the number of beddings<\/li>\n<\/ul>\n<p>[\/et_pb_text][\/et_pb_column][et_pb_column type=&#8221;1_2&#8243; _builder_version=&#8221;3.25&#8243; custom_padding=&#8221;|||&#8221; custom_padding__hover=&#8221;|||&#8221;][et_pb_image src=&#8221;https:\/\/labelconciergerie.com\/wp-content\/uploads\/2019\/03\/assistance-locative-maison.jpg&#8221; align_tablet=&#8221;center&#8221; align_phone=&#8221;&#8221; align_last_edited=&#8221;on|desktop&#8221; _builder_version=&#8221;3.23&#8243; custom_css_main_element=&#8221;margin-right: -50px !important;||margin-left: 0px !important;||&#8221;][\/et_pb_image][\/et_pb_column][\/et_pb_row][\/et_pb_section][et_pb_section fb_built=&#8221;1&#8243; module_id=&#8221;services&#8221; _builder_version=&#8221;4.7.6&#8243; overflow-x=&#8221;hidden&#8221; custom_margin=&#8221;|||&#8221; custom_padding=&#8221;50px|0px|50px|0px|true|false&#8221; hover_enabled=&#8221;0&#8243; sticky_enabled=&#8221;0&#8243;][et_pb_row _builder_version=&#8221;3.25&#8243; background_color=&#8221;#f5f5f5&#8243; custom_margin=&#8221;|||&#8221; custom_padding=&#8221;30px|0px|30px|0px|true|false&#8221; border_color_all=&#8221;#edf000&#8243;][et_pb_column type=&#8221;4_4&#8243; _builder_version=&#8221;3.25&#8243; custom_padding=&#8221;|||&#8221; custom_padding__hover=&#8221;|||&#8221;][et_pb_text _builder_version=&#8221;4.7.6&#8243; text_font=&#8221;|||on|||||&#8221; text_text_color=&#8221;#6E6E6E&#8221; header_font=&#8221;|||on|||||&#8221; text_orientation=&#8221;center&#8221;]<\/p>\n<h1>Additional services<\/h1>\n<p>(All prices VAT excluded)[\/et_pb_text][\/et_pb_column][\/et_pb_row][et_pb_row column_structure=&#8221;1_2,1_2&#8243; _builder_version=&#8221;3.25&#8243; background_color=&#8221;#f5f5f5&#8243; custom_padding=&#8221;0px|0px|30px|40px|false|false&#8221;][et_pb_column type=&#8221;1_2&#8243; _builder_version=&#8221;3.25&#8243; custom_padding=&#8221;|||&#8221; custom_padding__hover=&#8221;|||&#8221;][et_pb_image src=&#8221;https:\/\/labelconciergerie.com\/wp-content\/uploads\/2019\/03\/maison-secondaire-assistance-conciergerie.jpg&#8221; align_tablet=&#8221;center&#8221; align_phone=&#8221;&#8221; align_last_edited=&#8221;on|desktop&#8221; _builder_version=&#8221;3.23&#8243; custom_css_main_element=&#8221;margin-left: -80px !important;||margin-right: 30px !important;||&#8221;][\/et_pb_image][\/et_pb_column][et_pb_column type=&#8221;1_2&#8243; _builder_version=&#8221;3.25&#8243; custom_padding=&#8221;30px|40px||&#8221; custom_padding__hover=&#8221;|||&#8221;][et_pb_text _builder_version=&#8221;4.7.6&#8243; text_font=&#8221;||||||||&#8221; ul_font=&#8221;||||||||&#8221; ul_font_size=&#8221;13px&#8221; ul_line_height=&#8221;1.5em&#8221;]<\/p>\n<ul class=\"puceG\">\n<li>Baby-sitting &#8211; 20\u20ac\/h or package<\/li>\n<li>Home delivered cooking \u2013 quote<\/li>\n<li>Assistance moving house \u2013 quote<\/li>\n<li>Assistance finding a new home in the region \u2013 quote<\/li>\n<li>Assistance real estate sale &#8211; quote<\/li>\n<li>Shopping &#8211; 35\u20ac HT per delivery<\/li>\n<\/ul>\n<p>[\/et_pb_text][\/et_pb_column][\/et_pb_row][\/et_pb_section][et_pb_section fb_built=&#8221;1&#8243; _builder_version=&#8221;3.22.3&#8243; custom_padding=&#8221;0|0px|0|0px|false|false&#8221;][et_pb_row _builder_version=&#8221;3.25&#8243;][et_pb_column type=&#8221;4_4&#8243; _builder_version=&#8221;3.25&#8243; custom_padding=&#8221;|||&#8221; custom_padding__hover=&#8221;|||&#8221;][et_pb_text admin_label=&#8221;Text&#8221; _builder_version=&#8221;4.7.6&#8243; text_font=&#8221;|300|||||||&#8221; header_font=&#8221;||||||||&#8221; header_2_font=&#8221;|300|||||||&#8221; header_2_line_height=&#8221;1.2em&#8221; background_size=&#8221;initial&#8221; background_position=&#8221;top_left&#8221; background_repeat=&#8221;repeat&#8221; text_orientation=&#8221;center&#8221; width=&#8221;80%&#8221; module_alignment=&#8221;center&#8221;]<\/p>\n<h2>You have a specific request (organizing event, coordinating renovations, sports coach, yoga session\u2026)?<\/h2>\n<h2>Contact us and rely on our expertise and strong network of reliable and qualitative local partners.<\/h2>\n<p>[\/et_pb_text][\/et_pb_column][\/et_pb_row][\/et_pb_section][et_pb_section fb_built=&#8221;1&#8243; fullwidth=&#8221;on&#8221; disabled_on=&#8221;on|on|off&#8221; _builder_version=&#8221;4.7.6&#8243; background_color=&#8221;#003971&#8243; custom_margin=&#8221;10px||||false|false&#8221; saved_tabs=&#8221;all&#8221; locked=&#8221;off&#8221;][et_pb_fullwidth_menu menu_id=&#8221;6&#8243; submenu_direction=&#8221;downwards&#8221; fullwidth_menu=&#8221;off&#8221; logo=&#8221;https:\/\/labelconciergerie.com\/wp-content\/uploads\/2019\/04\/sap.png&#8221; _builder_version=&#8221;4.7.4&#8243; menu_font=&#8221;|||on|||||&#8221; menu_text_color=&#8221;#ffffff&#8221; menu_font_size=&#8221;12px&#8221; background_color=&#8221;#003971&#8243; text_orientation=&#8221;center&#8221; custom_margin=&#8221;0px||0px&#8221; custom_padding=&#8221;0px||0px&#8221; custom_css_menu_logo=&#8221;position : absolute; ||width: 70px !important; ||right: -70px;&#8221;][\/et_pb_fullwidth_menu][\/et_pb_section][et_pb_section fb_built=&#8221;1&#8243; _builder_version=&#8221;4.7.4&#8243; background_color=&#8221;#003971&#8243; custom_padding=&#8221;0px|0px|10px|0px|false|false&#8221; saved_tabs=&#8221;all&#8221;][et_pb_row _builder_version=&#8221;3.25&#8243; custom_padding=&#8221;0px|0px|0px|0px|true|false&#8221;][et_pb_column type=&#8221;4_4&#8243; _builder_version=&#8221;3.25&#8243; custom_padding=&#8221;|||&#8221; custom_padding__hover=&#8221;|||&#8221;][et_pb_text _builder_version=&#8221;4.7.4&#8243; text_font=&#8221;||||on||||&#8221; text_text_color=&#8221;#f5f5f5&#8243; text_font_size=&#8221;11px&#8221; text_orientation=&#8221;center&#8221; link_option_url=&#8221;https:\/\/3615sharon.com\/&#8221; link_option_url_new_window=&#8221;on&#8221;]<\/p>\n<p>Cr\u00e9ation mooxy.co<\/p>\n<p>[\/et_pb_text][\/et_pb_column][\/et_pb_row][\/et_pb_section]<\/p>\n","protected":false},"excerpt":{"rendered":"<p>Rest assured that from a distance your beloved property in the Drome is being cared for! We offer a personalised concierge service, tailored to your needs. Guaranteeing the surveillance and maintenance of your beloved property. Pack S\u00e9r\u00e9nit\u00e9 150\u20ac HT \/ month Collecting and forwarding your mail Monthly surveillance visit Inspecting the exteriors (no sign of [&hellip;]<\/p>\n","protected":false},"author":2,"featured_media":1869,"parent":0,"menu_order":0,"comment_status":"closed","ping_status":"closed","template":"","meta":{"_et_pb_use_builder":"on","_et_pb_old_content":"","_et_gb_content_width":"","footnotes":""},"class_list":["post-574","page","type-page","status-publish","has-post-thumbnail","hentry"],"yoast_head":"<!-- This site is optimized with the Yoast SEO plugin v23.6 - https:\/\/yoast.com\/wordpress\/plugins\/seo\/ -->\n<title>Conciergerie - Maison secondaire en Dr\u00f4me provencale<\/title>\n<meta name=\"description\" content=\"Rest assured that from a distance your beloved property in the Drome is being cared for! We offer a personalised concierge service, tailored to your needs. Guaranteeing the surveillance and maintenance of your beloved property.\" \/>\n<meta name=\"robots\" content=\"index, follow, max-snippet:-1, max-image-preview:large, max-video-preview:-1\" \/>\n<link rel=\"canonical\" href=\"https:\/\/labelconciergerie.com\/en\/conciergerie\/\" \/>\n<meta property=\"og:locale\" content=\"en_US\" \/>\n<meta property=\"og:type\" content=\"article\" \/>\n<meta property=\"og:title\" content=\"Conciergerie - Maison secondaire en Dr\u00f4me provencale\" \/>\n<meta property=\"og:description\" content=\"Rest assured that from a distance your beloved property in the Drome is being cared for! We offer a personalised concierge service, tailored to your needs. Guaranteeing the surveillance and maintenance of your beloved property.\" \/>\n<meta property=\"og:url\" content=\"https:\/\/labelconciergerie.com\/en\/conciergerie\/\" \/>\n<meta property=\"og:site_name\" content=\"Label Conciergerie\" \/>\n<meta property=\"article:modified_time\" content=\"2020-12-16T09:13:35+00:00\" \/>\n<meta property=\"og:image\" content=\"https:\/\/labelconciergerie.com\/wp-content\/uploads\/2020\/12\/label_conciergerie_drome_maison_Secondaire.jpg\" \/>\n\t<meta property=\"og:image:width\" content=\"800\" \/>\n\t<meta property=\"og:image:height\" content=\"534\" \/>\n\t<meta property=\"og:image:type\" content=\"image\/jpeg\" \/>\n<meta name=\"twitter:card\" content=\"summary_large_image\" \/>\n<meta name=\"twitter:label1\" content=\"Est. reading time\" \/>\n\t<meta name=\"twitter:data1\" content=\"8 minutes\" \/>\n<script type=\"application\/ld+json\" class=\"yoast-schema-graph\">{\"@context\":\"https:\/\/schema.org\",\"@graph\":[{\"@type\":\"WebPage\",\"@id\":\"https:\/\/labelconciergerie.com\/en\/conciergerie\/\",\"url\":\"https:\/\/labelconciergerie.com\/en\/conciergerie\/\",\"name\":\"Conciergerie - Maison secondaire en Dr\u00f4me provencale\",\"isPartOf\":{\"@id\":\"https:\/\/labelconciergerie.com\/en\/#website\"},\"primaryImageOfPage\":{\"@id\":\"https:\/\/labelconciergerie.com\/en\/conciergerie\/#primaryimage\"},\"image\":{\"@id\":\"https:\/\/labelconciergerie.com\/en\/conciergerie\/#primaryimage\"},\"thumbnailUrl\":\"https:\/\/labelconciergerie.com\/wp-content\/uploads\/2020\/12\/label_conciergerie_drome_maison_Secondaire.jpg\",\"datePublished\":\"2019-06-18T07:13:19+00:00\",\"dateModified\":\"2020-12-16T09:13:35+00:00\",\"description\":\"Rest assured that from a distance your beloved property in the Drome is being cared for! We offer a personalised concierge service, tailored to your needs. Guaranteeing the surveillance and maintenance of your beloved property.\",\"breadcrumb\":{\"@id\":\"https:\/\/labelconciergerie.com\/en\/conciergerie\/#breadcrumb\"},\"inLanguage\":\"en-US\",\"potentialAction\":[{\"@type\":\"ReadAction\",\"target\":[\"https:\/\/labelconciergerie.com\/en\/conciergerie\/\"]}]},{\"@type\":\"ImageObject\",\"inLanguage\":\"en-US\",\"@id\":\"https:\/\/labelconciergerie.com\/en\/conciergerie\/#primaryimage\",\"url\":\"https:\/\/labelconciergerie.com\/wp-content\/uploads\/2020\/12\/label_conciergerie_drome_maison_Secondaire.jpg\",\"contentUrl\":\"https:\/\/labelconciergerie.com\/wp-content\/uploads\/2020\/12\/label_conciergerie_drome_maison_Secondaire.jpg\",\"width\":800,\"height\":534},{\"@type\":\"BreadcrumbList\",\"@id\":\"https:\/\/labelconciergerie.com\/en\/conciergerie\/#breadcrumb\",\"itemListElement\":[{\"@type\":\"ListItem\",\"position\":1,\"name\":\"Accueil\",\"item\":\"https:\/\/labelconciergerie.com\/en\/\"},{\"@type\":\"ListItem\",\"position\":2,\"name\":\"Conciergerie\"}]},{\"@type\":\"WebSite\",\"@id\":\"https:\/\/labelconciergerie.com\/en\/#website\",\"url\":\"https:\/\/labelconciergerie.com\/en\/\",\"name\":\"Label Conciergerie\",\"description\":\"Artisan de votre confort\",\"alternateName\":\"Label Conciergerie\",\"potentialAction\":[{\"@type\":\"SearchAction\",\"target\":{\"@type\":\"EntryPoint\",\"urlTemplate\":\"https:\/\/labelconciergerie.com\/en\/?s={search_term_string}\"},\"query-input\":{\"@type\":\"PropertyValueSpecification\",\"valueRequired\":true,\"valueName\":\"search_term_string\"}}],\"inLanguage\":\"en-US\"}]}<\/script>\n<!-- \/ Yoast SEO plugin. -->","yoast_head_json":{"title":"Conciergerie - Maison secondaire en Dr\u00f4me provencale","description":"Rest assured that from a distance your beloved property in the Drome is being cared for! We offer a personalised concierge service, tailored to your needs. Guaranteeing the surveillance and maintenance of your beloved property.","robots":{"index":"index","follow":"follow","max-snippet":"max-snippet:-1","max-image-preview":"max-image-preview:large","max-video-preview":"max-video-preview:-1"},"canonical":"https:\/\/labelconciergerie.com\/en\/conciergerie\/","og_locale":"en_US","og_type":"article","og_title":"Conciergerie - Maison secondaire en Dr\u00f4me provencale","og_description":"Rest assured that from a distance your beloved property in the Drome is being cared for! We offer a personalised concierge service, tailored to your needs. Guaranteeing the surveillance and maintenance of your beloved property.","og_url":"https:\/\/labelconciergerie.com\/en\/conciergerie\/","og_site_name":"Label Conciergerie","article_modified_time":"2020-12-16T09:13:35+00:00","og_image":[{"width":800,"height":534,"url":"https:\/\/labelconciergerie.com\/wp-content\/uploads\/2020\/12\/label_conciergerie_drome_maison_Secondaire.jpg","type":"image\/jpeg"}],"twitter_card":"summary_large_image","twitter_misc":{"Est. reading time":"8 minutes"},"schema":{"@context":"https:\/\/schema.org","@graph":[{"@type":"WebPage","@id":"https:\/\/labelconciergerie.com\/en\/conciergerie\/","url":"https:\/\/labelconciergerie.com\/en\/conciergerie\/","name":"Conciergerie - Maison secondaire en Dr\u00f4me provencale","isPartOf":{"@id":"https:\/\/labelconciergerie.com\/en\/#website"},"primaryImageOfPage":{"@id":"https:\/\/labelconciergerie.com\/en\/conciergerie\/#primaryimage"},"image":{"@id":"https:\/\/labelconciergerie.com\/en\/conciergerie\/#primaryimage"},"thumbnailUrl":"https:\/\/labelconciergerie.com\/wp-content\/uploads\/2020\/12\/label_conciergerie_drome_maison_Secondaire.jpg","datePublished":"2019-06-18T07:13:19+00:00","dateModified":"2020-12-16T09:13:35+00:00","description":"Rest assured that from a distance your beloved property in the Drome is being cared for! We offer a personalised concierge service, tailored to your needs. Guaranteeing the surveillance and maintenance of your beloved property.","breadcrumb":{"@id":"https:\/\/labelconciergerie.com\/en\/conciergerie\/#breadcrumb"},"inLanguage":"en-US","potentialAction":[{"@type":"ReadAction","target":["https:\/\/labelconciergerie.com\/en\/conciergerie\/"]}]},{"@type":"ImageObject","inLanguage":"en-US","@id":"https:\/\/labelconciergerie.com\/en\/conciergerie\/#primaryimage","url":"https:\/\/labelconciergerie.com\/wp-content\/uploads\/2020\/12\/label_conciergerie_drome_maison_Secondaire.jpg","contentUrl":"https:\/\/labelconciergerie.com\/wp-content\/uploads\/2020\/12\/label_conciergerie_drome_maison_Secondaire.jpg","width":800,"height":534},{"@type":"BreadcrumbList","@id":"https:\/\/labelconciergerie.com\/en\/conciergerie\/#breadcrumb","itemListElement":[{"@type":"ListItem","position":1,"name":"Accueil","item":"https:\/\/labelconciergerie.com\/en\/"},{"@type":"ListItem","position":2,"name":"Conciergerie"}]},{"@type":"WebSite","@id":"https:\/\/labelconciergerie.com\/en\/#website","url":"https:\/\/labelconciergerie.com\/en\/","name":"Label Conciergerie","description":"Artisan de votre confort","alternateName":"Label Conciergerie","potentialAction":[{"@type":"SearchAction","target":{"@type":"EntryPoint","urlTemplate":"https:\/\/labelconciergerie.com\/en\/?s={search_term_string}"},"query-input":{"@type":"PropertyValueSpecification","valueRequired":true,"valueName":"search_term_string"}}],"inLanguage":"en-US"}]}},"_links":{"self":[{"href":"https:\/\/labelconciergerie.com\/en\/wp-json\/wp\/v2\/pages\/574"}],"collection":[{"href":"https:\/\/labelconciergerie.com\/en\/wp-json\/wp\/v2\/pages"}],"about":[{"href":"https:\/\/labelconciergerie.com\/en\/wp-json\/wp\/v2\/types\/page"}],"author":[{"embeddable":true,"href":"https:\/\/labelconciergerie.com\/en\/wp-json\/wp\/v2\/users\/2"}],"replies":[{"embeddable":true,"href":"https:\/\/labelconciergerie.com\/en\/wp-json\/wp\/v2\/comments?post=574"}],"version-history":[{"count":15,"href":"https:\/\/labelconciergerie.com\/en\/wp-json\/wp\/v2\/pages\/574\/revisions"}],"predecessor-version":[{"id":2216,"href":"https:\/\/labelconciergerie.com\/en\/wp-json\/wp\/v2\/pages\/574\/revisions\/2216"}],"wp:featuredmedia":[{"embeddable":true,"href":"https:\/\/labelconciergerie.com\/en\/wp-json\/wp\/v2\/media\/1869"}],"wp:attachment":[{"href":"https:\/\/labelconciergerie.com\/en\/wp-json\/wp\/v2\/media?parent=574"}],"curies":[{"name":"wp","href":"https:\/\/api.w.org\/{rel}","templated":true}]}}