{"id":577,"date":"2019-06-18T09:20:46","date_gmt":"2019-06-18T07:20:46","guid":{"rendered":"https:\/\/labelconciergerie.com\/assistance-location\/"},"modified":"2020-12-16T09:50:23","modified_gmt":"2020-12-16T08:50:23","slug":"rental-management","status":"publish","type":"page","link":"https:\/\/labelconciergerie.com\/en\/rental-management\/","title":{"rendered":"Rental management"},"content":{"rendered":"<p>[et_pb_section fb_built=&#8221;1&#8243; admin_label=&#8221;section&#8221; _builder_version=&#8221;3.22.3&#8243; custom_padding=&#8221;0|0px|0|0px|false|false&#8221;][et_pb_row column_structure=&#8221;2_5,3_5&#8243; _builder_version=&#8221;3.25&#8243; custom_padding=&#8221;||&#8221;][et_pb_column type=&#8221;2_5&#8243; _builder_version=&#8221;3.25&#8243; custom_padding=&#8221;7%|||&#8221; custom_padding_tablet=&#8221;&#8221; custom_padding_phone=&#8221;0%||&#8221; custom_padding_last_edited=&#8221;on|phone&#8221; custom_padding__hover=&#8221;|||&#8221;][et_pb_text admin_label=&#8221;Text&#8221; _builder_version=&#8221;4.7.4&#8243; text_font=&#8221;|300|||||||&#8221; header_font=&#8221;||||||||&#8221; header_2_font=&#8221;|300|||||||&#8221; header_2_line_height=&#8221;1.2em&#8221; background_size=&#8221;initial&#8221; background_position=&#8221;top_left&#8221; background_repeat=&#8221;repeat&#8221;]<\/p>\n<h2>Save time, energy and stress less by giving us the management of short term holiday rentals for your property.<\/h2>\n<p>[\/et_pb_text][\/et_pb_column][et_pb_column type=&#8221;3_5&#8243; _builder_version=&#8221;3.25&#8243; custom_padding=&#8221;|||&#8221; custom_padding__hover=&#8221;|||&#8221;][et_pb_image src=&#8221;https:\/\/labelconciergerie.com\/wp-content\/uploads\/2020\/12\/label_conciergerie_drome_location_maison.jpg&#8221; title_text=&#8221;label_conciergerie_drome_location_maison&#8221; align_tablet=&#8221;center&#8221; align_phone=&#8221;&#8221; align_last_edited=&#8221;on|desktop&#8221; _builder_version=&#8221;4.7.4&#8243;][\/et_pb_image][\/et_pb_column][\/et_pb_row][\/et_pb_section][et_pb_section fb_built=&#8221;1&#8243; disabled_on=&#8221;on|on|on&#8221; module_id=&#8221;simplicite&#8221; _builder_version=&#8221;4.7.4&#8243; custom_margin=&#8221;|||&#8221; custom_padding=&#8221;50px|0px|50px|0px|true|false&#8221; disabled=&#8221;on&#8221;][et_pb_row _builder_version=&#8221;3.25&#8243; background_color=&#8221;#f5f5f5&#8243; module_alignment=&#8221;center&#8221; custom_padding=&#8221;30px|0px|30px|0px|true|false&#8221; border_color_all=&#8221;#edf000&#8243; custom_width_px=&#8221;797px&#8221;][et_pb_column type=&#8221;4_4&#8243; _builder_version=&#8221;3.25&#8243; custom_padding=&#8221;|||&#8221; custom_padding__hover=&#8221;|||&#8221;][et_pb_text _builder_version=&#8221;3.27.4&#8243; text_font=&#8221;||||||||&#8221; text_text_color=&#8221;#6E6E6E&#8221; header_font=&#8221;|||on|||||&#8221; text_orientation=&#8221;center&#8221;]<\/p>\n<h1>FORMULE Simplicit\u00e9<\/h1>\n<p>10% of each rental[\/et_pb_text][\/et_pb_column][\/et_pb_row][et_pb_row column_structure=&#8221;1_2,1_2&#8243; padding_left_right_link_1=&#8221;true&#8221; _builder_version=&#8221;3.25&#8243; background_color=&#8221;#f5f5f5&#8243; custom_padding=&#8221;0px|0px|30px||false|false&#8221;][et_pb_column type=&#8221;1_2&#8243; _builder_version=&#8221;3.25&#8243; custom_padding=&#8221;30px|30px||30px&#8221; custom_padding_tablet=&#8221;&#8221; custom_padding_phone=&#8221;10px|||&#8221; custom_padding_last_edited=&#8221;on|phone&#8221; custom_padding__hover=&#8221;|||&#8221;][et_pb_text _builder_version=&#8221;3.27.4&#8243; text_font=&#8221;|600|||||||&#8221; text_text_color=&#8221;#00676f&#8221; ul_font=&#8221;|300|||||||&#8221; ul_text_color=&#8221;#000000&#8243; ul_font_size=&#8221;13px&#8221; ul_line_height=&#8221;1.5em&#8221;]<\/p>\n<p>We look after the guests in your absence<\/p>\n<p>[\/et_pb_text][et_pb_text _builder_version=&#8221;3.27.4&#8243; text_font=&#8221;||||||||&#8221; text_text_color=&#8221;#404040&#8243; text_font_size=&#8221;12px&#8221; ul_font=&#8221;||||||||&#8221; ul_text_color=&#8221;#000000&#8243; ul_font_size=&#8221;13px&#8221; ul_line_height=&#8221;1.5em&#8221;]<\/p>\n<ul class=\"puceG\">\n<li>Welcome short term renters (visit of the property, handing over the key, explain equipment functioning, etc).<\/li>\n<li>Verify the condition of the property before and after each rental.<\/li>\n<li>Available 24\/7 for your guests&#8217; needs.<\/li>\n<li>Coordinating partners for general cleaning*.<\/li>\n<li>Pick up and drop off to the dry cleaner (linens).<\/li>\n<li>Report after each rental.<\/li>\n<\/ul>\n<p>* Si vous n\u2019avez pas de prestataires courants, nous pouvons vous proposer les n\u00f4tres \u00e0 des tarifs pr\u00e9f\u00e9rentiels.[\/et_pb_text][\/et_pb_column][et_pb_column type=&#8221;1_2&#8243; _builder_version=&#8221;3.25&#8243; custom_padding=&#8221;|||&#8221; custom_padding__hover=&#8221;|||&#8221;][et_pb_image src=&#8221;https:\/\/labelconciergerie.com\/wp-content\/uploads\/2019\/06\/Conciercergie_maison_3-2.jpg&#8221; align_tablet=&#8221;center&#8221; align_phone=&#8221;&#8221; align_last_edited=&#8221;on|desktop&#8221; _builder_version=&#8221;3.23&#8243; module_alignment=&#8221;right&#8221; custom_css_main_element=&#8221;margin-right: -50px !important;||margin-bottom: -70px !important;||&#8221;][\/et_pb_image][\/et_pb_column][\/et_pb_row][\/et_pb_section][et_pb_section fb_built=&#8221;1&#8243; module_id=&#8221;tranquilite&#8221; _builder_version=&#8221;3.22.3&#8243; custom_margin=&#8221;|||&#8221; custom_padding=&#8221;50px|0px|50px|0px|true|false&#8221;][et_pb_row _builder_version=&#8221;3.25&#8243; background_color=&#8221;#f5f5f5&#8243; custom_margin=&#8221;|||&#8221; custom_padding=&#8221;30px|0px|30px|0px|true|false&#8221; border_color_all=&#8221;#edf000&#8243;][et_pb_column type=&#8221;4_4&#8243; _builder_version=&#8221;3.25&#8243; custom_padding=&#8221;|||&#8221; custom_padding__hover=&#8221;|||&#8221;][et_pb_text _builder_version=&#8221;4.7.6&#8243; text_font=&#8221;|||on|||||&#8221; text_text_color=&#8221;#6E6E6E&#8221; header_font=&#8221;|||on|||||&#8221; text_orientation=&#8221;center&#8221; hover_enabled=&#8221;0&#8243; sticky_enabled=&#8221;0&#8243;]<\/p>\n<h1>Pack Cl\u00e9 en main<\/h1>\n<p>From 20% of each rental[\/et_pb_text][\/et_pb_column][\/et_pb_row][et_pb_row column_structure=&#8221;1_2,1_2&#8243; _builder_version=&#8221;4.7.4&#8243; background_color=&#8221;#f5f5f5&#8243; custom_padding=&#8221;0px|0px|30px|40px|false|false&#8221;][et_pb_column type=&#8221;1_2&#8243; _builder_version=&#8221;3.25&#8243; custom_padding=&#8221;|||&#8221; custom_padding__hover=&#8221;|||&#8221;][et_pb_image src=&#8221;https:\/\/labelconciergerie.com\/wp-content\/uploads\/2020\/12\/label_conciergerie_drome_maison_Secondaire.jpg&#8221; title_text=&#8221;label_conciergerie_drome_maison_Secondaire&#8221; align_tablet=&#8221;center&#8221; align_phone=&#8221;&#8221; align_last_edited=&#8221;on|desktop&#8221; _builder_version=&#8221;4.7.4&#8243; custom_css_main_element=&#8221;margin-left: -80px !important;||margin-bottom: -60px !important;||&#8221;][\/et_pb_image][\/et_pb_column][et_pb_column type=&#8221;1_2&#8243; _builder_version=&#8221;4.7.4&#8243; custom_padding_tablet=&#8221;&#8221; custom_padding_phone=&#8221;50px|||&#8221; custom_padding_last_edited=&#8221;on|desktop&#8221; custom_padding__hover=&#8221;|||&#8221;][et_pb_text _builder_version=&#8221;4.7.6&#8243; text_font=&#8221;||||||||&#8221; text_font_size=&#8221;12px&#8221; ul_font=&#8221;||||||||&#8221; ul_font_size=&#8221;13px&#8221; ul_line_height=&#8221;1.5em&#8221; hover_enabled=&#8221;0&#8243; sticky_enabled=&#8221;0&#8243;]We manage your property from end to end for short term holiday rentals<\/p>\n<ul class=\"puceG\">\n<li>Managing the online publication<\/li>\n<li>Writing the publication<\/li>\n<li>Professional photo shoot<\/li>\n<li>Publish the publication on the most appropriate platform<\/li>\n<li>Follow up on requests and questions<\/li>\n<li>Managing the rental calendar<\/li>\n<li>Welcome short term renters (visit of the house and handling keys)<\/li>\n<li>Property inspection<\/li>\n<li>Managing the deposit<\/li>\n<li>Available 24\/7 to short term renters<\/li>\n<li>House cleaning and dry cleaning<\/li>\n<li>Coordinating partners for general cleaning*<\/li>\n<li>Monthly report or after each rental<\/li>\n<\/ul>\n<p>[\/et_pb_text][\/et_pb_column][\/et_pb_row][\/et_pb_section][et_pb_section fb_built=&#8221;1&#8243; module_id=&#8221;liberte&#8221; _builder_version=&#8221;3.22.3&#8243; custom_margin=&#8221;|||&#8221; custom_padding=&#8221;50px|0px|90px|0px|false|false&#8221;][et_pb_row _builder_version=&#8221;3.25&#8243; background_color=&#8221;#f5f5f5&#8243; module_alignment=&#8221;center&#8221; custom_padding=&#8221;30px|0px|30px|0px|true|false&#8221; border_color_all=&#8221;#edf000&#8243; custom_width_px=&#8221;797px&#8221;][et_pb_column type=&#8221;4_4&#8243; _builder_version=&#8221;3.25&#8243; custom_padding=&#8221;|||&#8221; custom_padding__hover=&#8221;|||&#8221;][et_pb_text _builder_version=&#8221;4.7.6&#8243; text_font=&#8221;|||on|||||&#8221; text_text_color=&#8221;#6E6E6E&#8221; header_font=&#8221;|||on|||||&#8221; text_orientation=&#8221;center&#8221; hover_enabled=&#8221;0&#8243; sticky_enabled=&#8221;0&#8243;]<\/p>\n<h1>Pack Fid\u00e9lit\u00e9<\/h1>\n<p>quote[\/et_pb_text][\/et_pb_column][\/et_pb_row][et_pb_row column_structure=&#8221;1_2,1_2&#8243; padding_left_right_link_1=&#8221;false&#8221; padding_left_right_link_2=&#8221;false&#8221; _builder_version=&#8221;3.25&#8243; background_color=&#8221;#f5f5f5&#8243; custom_padding=&#8221;0px|0px|30px||false|false&#8221;][et_pb_column type=&#8221;1_2&#8243; _builder_version=&#8221;3.25&#8243; custom_padding=&#8221;30px|||30px&#8221; custom_padding__hover=&#8221;|||&#8221;][et_pb_text _builder_version=&#8221;4.7.6&#8243; text_font=&#8221;||||||||&#8221; text_text_color=&#8221;#003971&#8243; ul_font=&#8221;|300|||||||&#8221; ul_text_color=&#8221;#000000&#8243; ul_font_size=&#8221;13px&#8221; ul_line_height=&#8221;1.5em&#8221; hover_enabled=&#8221;0&#8243; sticky_enabled=&#8221;0&#8243;]<\/p>\n<p>We manage your property year-round, both in terms of property maintenance and surveillance as well as holiday rentals if you would like to earn an income from your holiday house.<\/p>\n<p>Advantages:<\/p>\n<ul class=\"puce\">\n<li>Comfort to you and your guests, all year round<\/li>\n<li>Preferred prices on your rentals incomes<\/li>\n<\/ul>\n<p><span style=\"color: #404040; font-size: small;\">* If you do not have any usual partner for general cleaning of your house, we can offer ours with negotiated price<\/span><\/p>\n<p>[\/et_pb_text][\/et_pb_column][et_pb_column type=&#8221;1_2&#8243; _builder_version=&#8221;3.25&#8243; custom_padding=&#8221;|||10%&#8221; custom_padding__hover=&#8221;|||&#8221;][et_pb_image src=&#8221;https:\/\/labelconciergerie.com\/wp-content\/uploads\/2020\/12\/label_conciergerie_drome_location_vacances.jpg&#8221; title_text=&#8221;label_conciergerie_drome_location_vacances&#8221; align_tablet=&#8221;center&#8221; align_phone=&#8221;&#8221; align_last_edited=&#8221;on|desktop&#8221; _builder_version=&#8221;4.7.4&#8243; module_alignment=&#8221;right&#8221; custom_css_main_element=&#8221;margin-right: -50px !important;||margin-bottom: -70px !important;||&#8221;][\/et_pb_image][\/et_pb_column][\/et_pb_row][\/et_pb_section][et_pb_section fb_built=&#8221;1&#8243; fullwidth=&#8221;on&#8221; disabled_on=&#8221;on|on|off&#8221; _builder_version=&#8221;4.7.4&#8243; background_color=&#8221;#003971&#8243; custom_margin=&#8221;50px||&#8221; saved_tabs=&#8221;all&#8221; locked=&#8221;off&#8221;][et_pb_fullwidth_menu menu_id=&#8221;6&#8243; submenu_direction=&#8221;downwards&#8221; fullwidth_menu=&#8221;off&#8221; logo=&#8221;https:\/\/labelconciergerie.com\/wp-content\/uploads\/2019\/04\/sap.png&#8221; _builder_version=&#8221;4.7.4&#8243; menu_font=&#8221;|||on|||||&#8221; menu_text_color=&#8221;#ffffff&#8221; menu_font_size=&#8221;12px&#8221; background_color=&#8221;#003971&#8243; text_orientation=&#8221;center&#8221; custom_margin=&#8221;0px||0px&#8221; custom_padding=&#8221;0px||0px&#8221; custom_css_menu_logo=&#8221;position : absolute; ||width: 70px !important; ||right: -70px;&#8221;][\/et_pb_fullwidth_menu][\/et_pb_section][et_pb_section fb_built=&#8221;1&#8243; _builder_version=&#8221;4.7.4&#8243; background_color=&#8221;#003971&#8243; custom_padding=&#8221;0px|0px|10px|0px|false|false&#8221; saved_tabs=&#8221;all&#8221;][et_pb_row _builder_version=&#8221;3.25&#8243; custom_padding=&#8221;0px|0px|0px|0px|true|false&#8221;][et_pb_column type=&#8221;4_4&#8243; _builder_version=&#8221;3.25&#8243; custom_padding=&#8221;|||&#8221; custom_padding__hover=&#8221;|||&#8221;][et_pb_text _builder_version=&#8221;4.7.4&#8243; text_font=&#8221;||||on||||&#8221; text_text_color=&#8221;#f5f5f5&#8243; text_font_size=&#8221;11px&#8221; text_orientation=&#8221;center&#8221; link_option_url=&#8221;https:\/\/3615sharon.com\/&#8221; link_option_url_new_window=&#8221;on&#8221;]<\/p>\n<p>Cr\u00e9ation mooxy.co<\/p>\n<p>[\/et_pb_text][\/et_pb_column][\/et_pb_row][\/et_pb_section]<\/p>\n","protected":false},"excerpt":{"rendered":"<p>Save time, energy and stress less by giving us the management of short term holiday rentals for your property.FORMULE Simplicit\u00e9 10% of each rentalWe look after the guests in your absence Welcome short term renters (visit of the property, handing over the key, explain equipment functioning, etc). Verify the condition of the property before and [&hellip;]<\/p>\n","protected":false},"author":2,"featured_media":863,"parent":0,"menu_order":0,"comment_status":"closed","ping_status":"closed","template":"","meta":{"_et_pb_use_builder":"on","_et_pb_old_content":"","_et_gb_content_width":"","footnotes":""},"class_list":["post-577","page","type-page","status-publish","has-post-thumbnail","hentry"],"yoast_head":"<!-- This site is optimized with the Yoast SEO plugin v23.6 - https:\/\/yoast.com\/wordpress\/plugins\/seo\/ -->\n<title>Rental management - Maison secondaire - Dr\u00f4me provencale<\/title>\n<meta name=\"description\" content=\"Save time, energy and stress less by giving us the management of short term holiday rentals for your property.\" \/>\n<meta name=\"robots\" content=\"index, follow, max-snippet:-1, max-image-preview:large, max-video-preview:-1\" \/>\n<link rel=\"canonical\" href=\"https:\/\/labelconciergerie.com\/en\/rental-management\/\" \/>\n<meta property=\"og:locale\" content=\"en_US\" \/>\n<meta property=\"og:type\" content=\"article\" \/>\n<meta property=\"og:title\" content=\"Rental management - Maison secondaire - Dr\u00f4me provencale\" \/>\n<meta property=\"og:description\" content=\"Save time, energy and stress less by giving us the management of short term holiday rentals for your property.\" \/>\n<meta property=\"og:url\" content=\"https:\/\/labelconciergerie.com\/en\/rental-management\/\" \/>\n<meta property=\"og:site_name\" content=\"Label Conciergerie\" \/>\n<meta property=\"article:modified_time\" content=\"2020-12-16T08:50:23+00:00\" \/>\n<meta property=\"og:image\" content=\"https:\/\/labelconciergerie.com\/wp-content\/uploads\/2019\/06\/Conciercergie_maison_2-1.jpg\" \/>\n\t<meta property=\"og:image:width\" content=\"690\" \/>\n\t<meta property=\"og:image:height\" content=\"461\" \/>\n\t<meta property=\"og:image:type\" content=\"image\/jpeg\" \/>\n<meta name=\"twitter:card\" content=\"summary_large_image\" \/>\n<meta name=\"twitter:label1\" content=\"Est. reading time\" \/>\n\t<meta name=\"twitter:data1\" content=\"7 minutes\" \/>\n<script type=\"application\/ld+json\" class=\"yoast-schema-graph\">{\"@context\":\"https:\/\/schema.org\",\"@graph\":[{\"@type\":\"WebPage\",\"@id\":\"https:\/\/labelconciergerie.com\/en\/rental-management\/\",\"url\":\"https:\/\/labelconciergerie.com\/en\/rental-management\/\",\"name\":\"Rental management - Maison secondaire - Dr\u00f4me provencale\",\"isPartOf\":{\"@id\":\"https:\/\/labelconciergerie.com\/en\/#website\"},\"primaryImageOfPage\":{\"@id\":\"https:\/\/labelconciergerie.com\/en\/rental-management\/#primaryimage\"},\"image\":{\"@id\":\"https:\/\/labelconciergerie.com\/en\/rental-management\/#primaryimage\"},\"thumbnailUrl\":\"https:\/\/labelconciergerie.com\/wp-content\/uploads\/2019\/06\/Conciercergie_maison_2-1.jpg\",\"datePublished\":\"2019-06-18T07:20:46+00:00\",\"dateModified\":\"2020-12-16T08:50:23+00:00\",\"description\":\"Save time, energy and stress less by giving us the management of short term holiday rentals for your property.\",\"breadcrumb\":{\"@id\":\"https:\/\/labelconciergerie.com\/en\/rental-management\/#breadcrumb\"},\"inLanguage\":\"en-US\",\"potentialAction\":[{\"@type\":\"ReadAction\",\"target\":[\"https:\/\/labelconciergerie.com\/en\/rental-management\/\"]}]},{\"@type\":\"ImageObject\",\"inLanguage\":\"en-US\",\"@id\":\"https:\/\/labelconciergerie.com\/en\/rental-management\/#primaryimage\",\"url\":\"https:\/\/labelconciergerie.com\/wp-content\/uploads\/2019\/06\/Conciercergie_maison_2-1.jpg\",\"contentUrl\":\"https:\/\/labelconciergerie.com\/wp-content\/uploads\/2019\/06\/Conciercergie_maison_2-1.jpg\",\"width\":690,\"height\":461,\"caption\":\"bon accueil home management\"},{\"@type\":\"BreadcrumbList\",\"@id\":\"https:\/\/labelconciergerie.com\/en\/rental-management\/#breadcrumb\",\"itemListElement\":[{\"@type\":\"ListItem\",\"position\":1,\"name\":\"Accueil\",\"item\":\"https:\/\/labelconciergerie.com\/en\/\"},{\"@type\":\"ListItem\",\"position\":2,\"name\":\"Rental management\"}]},{\"@type\":\"WebSite\",\"@id\":\"https:\/\/labelconciergerie.com\/en\/#website\",\"url\":\"https:\/\/labelconciergerie.com\/en\/\",\"name\":\"Label Conciergerie\",\"description\":\"Artisan de votre confort\",\"alternateName\":\"Label Conciergerie\",\"potentialAction\":[{\"@type\":\"SearchAction\",\"target\":{\"@type\":\"EntryPoint\",\"urlTemplate\":\"https:\/\/labelconciergerie.com\/en\/?s={search_term_string}\"},\"query-input\":{\"@type\":\"PropertyValueSpecification\",\"valueRequired\":true,\"valueName\":\"search_term_string\"}}],\"inLanguage\":\"en-US\"}]}<\/script>\n<!-- \/ Yoast SEO plugin. -->","yoast_head_json":{"title":"Rental management - Maison secondaire - Dr\u00f4me provencale","description":"Save time, energy and stress less by giving us the management of short term holiday rentals for your property.","robots":{"index":"index","follow":"follow","max-snippet":"max-snippet:-1","max-image-preview":"max-image-preview:large","max-video-preview":"max-video-preview:-1"},"canonical":"https:\/\/labelconciergerie.com\/en\/rental-management\/","og_locale":"en_US","og_type":"article","og_title":"Rental management - Maison secondaire - Dr\u00f4me provencale","og_description":"Save time, energy and stress less by giving us the management of short term holiday rentals for your property.","og_url":"https:\/\/labelconciergerie.com\/en\/rental-management\/","og_site_name":"Label Conciergerie","article_modified_time":"2020-12-16T08:50:23+00:00","og_image":[{"width":690,"height":461,"url":"https:\/\/labelconciergerie.com\/wp-content\/uploads\/2019\/06\/Conciercergie_maison_2-1.jpg","type":"image\/jpeg"}],"twitter_card":"summary_large_image","twitter_misc":{"Est. reading time":"7 minutes"},"schema":{"@context":"https:\/\/schema.org","@graph":[{"@type":"WebPage","@id":"https:\/\/labelconciergerie.com\/en\/rental-management\/","url":"https:\/\/labelconciergerie.com\/en\/rental-management\/","name":"Rental management - Maison secondaire - Dr\u00f4me provencale","isPartOf":{"@id":"https:\/\/labelconciergerie.com\/en\/#website"},"primaryImageOfPage":{"@id":"https:\/\/labelconciergerie.com\/en\/rental-management\/#primaryimage"},"image":{"@id":"https:\/\/labelconciergerie.com\/en\/rental-management\/#primaryimage"},"thumbnailUrl":"https:\/\/labelconciergerie.com\/wp-content\/uploads\/2019\/06\/Conciercergie_maison_2-1.jpg","datePublished":"2019-06-18T07:20:46+00:00","dateModified":"2020-12-16T08:50:23+00:00","description":"Save time, energy and stress less by giving us the management of short term holiday rentals for your property.","breadcrumb":{"@id":"https:\/\/labelconciergerie.com\/en\/rental-management\/#breadcrumb"},"inLanguage":"en-US","potentialAction":[{"@type":"ReadAction","target":["https:\/\/labelconciergerie.com\/en\/rental-management\/"]}]},{"@type":"ImageObject","inLanguage":"en-US","@id":"https:\/\/labelconciergerie.com\/en\/rental-management\/#primaryimage","url":"https:\/\/labelconciergerie.com\/wp-content\/uploads\/2019\/06\/Conciercergie_maison_2-1.jpg","contentUrl":"https:\/\/labelconciergerie.com\/wp-content\/uploads\/2019\/06\/Conciercergie_maison_2-1.jpg","width":690,"height":461,"caption":"bon accueil home management"},{"@type":"BreadcrumbList","@id":"https:\/\/labelconciergerie.com\/en\/rental-management\/#breadcrumb","itemListElement":[{"@type":"ListItem","position":1,"name":"Accueil","item":"https:\/\/labelconciergerie.com\/en\/"},{"@type":"ListItem","position":2,"name":"Rental management"}]},{"@type":"WebSite","@id":"https:\/\/labelconciergerie.com\/en\/#website","url":"https:\/\/labelconciergerie.com\/en\/","name":"Label Conciergerie","description":"Artisan de votre confort","alternateName":"Label Conciergerie","potentialAction":[{"@type":"SearchAction","target":{"@type":"EntryPoint","urlTemplate":"https:\/\/labelconciergerie.com\/en\/?s={search_term_string}"},"query-input":{"@type":"PropertyValueSpecification","valueRequired":true,"valueName":"search_term_string"}}],"inLanguage":"en-US"}]}},"_links":{"self":[{"href":"https:\/\/labelconciergerie.com\/en\/wp-json\/wp\/v2\/pages\/577"}],"collection":[{"href":"https:\/\/labelconciergerie.com\/en\/wp-json\/wp\/v2\/pages"}],"about":[{"href":"https:\/\/labelconciergerie.com\/en\/wp-json\/wp\/v2\/types\/page"}],"author":[{"embeddable":true,"href":"https:\/\/labelconciergerie.com\/en\/wp-json\/wp\/v2\/users\/2"}],"replies":[{"embeddable":true,"href":"https:\/\/labelconciergerie.com\/en\/wp-json\/wp\/v2\/comments?post=577"}],"version-history":[{"count":11,"href":"https:\/\/labelconciergerie.com\/en\/wp-json\/wp\/v2\/pages\/577\/revisions"}],"predecessor-version":[{"id":2186,"href":"https:\/\/labelconciergerie.com\/en\/wp-json\/wp\/v2\/pages\/577\/revisions\/2186"}],"wp:featuredmedia":[{"embeddable":true,"href":"https:\/\/labelconciergerie.com\/en\/wp-json\/wp\/v2\/media\/863"}],"wp:attachment":[{"href":"https:\/\/labelconciergerie.com\/en\/wp-json\/wp\/v2\/media?parent=577"}],"curies":[{"name":"wp","href":"https:\/\/api.w.org\/{rel}","templated":true}]}}